{"id":669,"date":"2025-07-26T13:08:50","date_gmt":"2025-07-26T13:08:50","guid":{"rendered":"https:\/\/airdoxa.com\/?page_id=669"},"modified":"2025-07-26T13:19:20","modified_gmt":"2025-07-26T13:19:20","slug":"on-satis-presale","status":"publish","type":"page","link":"https:\/\/airdoxa.com\/index.php\/on-satis-presale\/","title":{"rendered":"\u00d6n Sat\u0131\u015f &#038; Presale"},"content":{"rendered":"<div class=\"wpb-content-wrapper\"><p>[vc_row][vc_column][vc_column_text]<strong>ICO \/ IDO L\u0130STES\u0130<\/strong>[\/vc_column_text][\/vc_column][\/vc_row][vc_row][vc_column][stm_ico_grid_categories css_animation=&#8221;slideInDown&#8221;][\/vc_column][\/vc_row][vc_row_inner css=&#8221;.vc_custom_1753535947390{margin-top: 50px !important;}&#8221;][vc_column_inner offset=&#8221;vc_col-lg-4 vc_col-md-4&#8243;][stm_ico_grid style=&#8221;upcoming&#8221; date_or_logo=&#8221;logo&#8221; title=&#8221;Potansiyel Airdrop&#8221;][\/vc_column_inner][vc_column_inner offset=&#8221;vc_col-lg-4 vc_col-md-4&#8243;][stm_ico_grid date_or_logo=&#8221;logo&#8221; title=&#8221;Onaylanm\u0131\u015f Airdrop&#8221;][\/vc_column_inner][vc_column_inner offset=&#8221;vc_col-lg-4 vc_col-md-4&#8243;][stm_ico_grid style=&#8221;finished&#8221; date_or_logo=&#8221;logo&#8221; title=&#8221;Biten Airdrop&#8221;][\/vc_column_inner][\/vc_row_inner][vc_row][vc_column][stm_ico_countdown][\/stm_ico_countdown][\/vc_column][\/vc_row]<\/p>\n<\/div>","protected":false},"excerpt":{"rendered":"<p>[vc_row][vc_column][vc_column_text]ICO \/ IDO L\u0130STES\u0130[\/vc_column_text][\/vc_column][\/vc_row][vc_row][vc_column][stm_ico_grid_categories css_animation=&#8221;slideInDown&#8221;][\/vc_column][\/vc_row][vc_row_inner css=&#8221;.vc_custom_1753535947390{margin-top: 50px !important;}&#8221;][vc_column_inner offset=&#8221;vc_col-lg-4 vc_col-md-4&#8243;][stm_ico_grid style=&#8221;upcoming&#8221; date_or_logo=&#8221;logo&#8221; title=&#8221;Potansiyel Airdrop&#8221;][\/vc_column_inner][vc_column_inner offset=&#8221;vc_col-lg-4 vc_col-md-4&#8243;][stm_ico_grid date_or_logo=&#8221;logo&#8221; title=&#8221;Onaylanm\u0131\u015f Airdrop&#8221;][\/vc_column_inner][vc_column_inner offset=&#8221;vc_col-lg-4 vc_col-md-4&#8243;][stm_ico_grid style=&#8221;finished&#8221; date_or_logo=&#8221;logo&#8221; title=&#8221;Biten Airdrop&#8221;][\/vc_column_inner][\/vc_row_inner][vc_row][vc_column][stm_ico_countdown][\/stm_ico_countdown][\/vc_column][\/vc_row]<\/p>\n","protected":false},"author":1,"featured_media":0,"parent":0,"menu_order":0,"comment_status":"closed","ping_status":"closed","template":"","meta":{"footnotes":""},"class_list":["post-669","page","type-page","status-publish","hentry"],"_links":{"self":[{"href":"https:\/\/airdoxa.com\/index.php\/wp-json\/wp\/v2\/pages\/669","targetHints":{"allow":["GET"]}}],"collection":[{"href":"https:\/\/airdoxa.com\/index.php\/wp-json\/wp\/v2\/pages"}],"about":[{"href":"https:\/\/airdoxa.com\/index.php\/wp-json\/wp\/v2\/types\/page"}],"author":[{"embeddable":true,"href":"https:\/\/airdoxa.com\/index.php\/wp-json\/wp\/v2\/users\/1"}],"replies":[{"embeddable":true,"href":"https:\/\/airdoxa.com\/index.php\/wp-json\/wp\/v2\/comments?post=669"}],"version-history":[{"count":9,"href":"https:\/\/airdoxa.com\/index.php\/wp-json\/wp\/v2\/pages\/669\/revisions"}],"predecessor-version":[{"id":679,"href":"https:\/\/airdoxa.com\/index.php\/wp-json\/wp\/v2\/pages\/669\/revisions\/679"}],"wp:attachment":[{"href":"https:\/\/airdoxa.com\/index.php\/wp-json\/wp\/v2\/media?parent=669"}],"curies":[{"name":"wp","href":"https:\/\/api.w.org\/{rel}","templated":true}]}}